{"id":37901,"date":"2026-02-01T16:19:47","date_gmt":"2026-02-01T16:19:47","guid":{"rendered":"https:\/\/nuaflex.com\/blog\/"},"modified":"2026-02-04T17:19:16","modified_gmt":"2026-02-04T17:19:16","slug":"blog","status":"publish","type":"page","link":"https:\/\/nuaflex.com\/de\/blog\/","title":{"rendered":"Blog"},"content":{"rendered":"\t\t<div data-elementor-type=\"wp-page\" data-elementor-id=\"37901\" class=\"elementor elementor-37901 elementor-37340\" data-elementor-settings=\"{&quot;ha_cmc_init_switcher&quot;:&quot;no&quot;}\" data-elementor-post-type=\"page\">\n\t\t\t\t<div class=\"elementor-element elementor-element-a0c7cc1 e-flex e-con-boxed e-con e-parent\" data-id=\"a0c7cc1\" data-element_type=\"container\" data-e-type=\"container\" data-settings=\"{&quot;background_background&quot;:&quot;classic&quot;,&quot;_ha_eqh_enable&quot;:false}\">\n\t\t\t\t\t<div class=\"e-con-inner\">\n\t\t\t\t<div class=\"elementor-element elementor-element-b142f80 elementor-widget elementor-widget-heading\" data-id=\"b142f80\" data-element_type=\"widget\" data-e-type=\"widget\" data-widget_type=\"heading.default\">\n\t\t\t\t\t<h2 class=\"elementor-heading-title elementor-size-default\">Blogs<\/h2>\t\t\t\t<\/div>\n\t\t\t\t\t<\/div>\n\t\t\t\t<\/div>\n\t\t<div class=\"elementor-element elementor-element-f32fea8 e-flex e-con-boxed e-con e-parent\" data-id=\"f32fea8\" data-element_type=\"container\" data-e-type=\"container\" data-settings=\"{&quot;_ha_eqh_enable&quot;:false}\">\n\t\t\t\t\t<div class=\"e-con-inner\">\n\t\t\t\t<div class=\"elementor-element elementor-element-0ea5da3 elementor-grid-3 elementor-grid-tablet-2 elementor-grid-mobile-1 elementor-posts--thumbnail-top elementor-card-shadow-yes elementor-posts__hover-gradient elementor-widget elementor-widget-posts\" data-id=\"0ea5da3\" data-element_type=\"widget\" data-e-type=\"widget\" data-settings=\"{&quot;pagination_type&quot;:&quot;numbers_and_prev_next&quot;,&quot;cards_columns&quot;:&quot;3&quot;,&quot;cards_columns_tablet&quot;:&quot;2&quot;,&quot;cards_columns_mobile&quot;:&quot;1&quot;,&quot;cards_row_gap&quot;:{&quot;unit&quot;:&quot;px&quot;,&quot;size&quot;:35,&quot;sizes&quot;:[]},&quot;cards_row_gap_tablet&quot;:{&quot;unit&quot;:&quot;px&quot;,&quot;size&quot;:&quot;&quot;,&quot;sizes&quot;:[]},&quot;cards_row_gap_mobile&quot;:{&quot;unit&quot;:&quot;px&quot;,&quot;size&quot;:&quot;&quot;,&quot;sizes&quot;:[]}}\" data-widget_type=\"posts.cards\">\n\t\t\t\t<div class=\"elementor-widget-container\">\n\t\t\t\t\t\t\t<div class=\"elementor-posts-container elementor-posts elementor-posts--skin-cards elementor-grid\" role=\"list\">\n\t\t\t\t<article class=\"elementor-post elementor-grid-item post-37924 post type-post status-publish format-standard has-post-thumbnail hentry category-sustainability\" role=\"listitem\">\n\t\t\t<div class=\"elementor-post__card\">\n\t\t\t\t<a class=\"elementor-post__thumbnail__link\" href=\"https:\/\/nuaflex.com\/de\/optimieren-sie-kuehlkompressorsysteme-mit-den-fortschrittlichen-vibrationsschlaeuchen-von-nuaflex\/\" tabindex=\"-1\" ><div class=\"elementor-post__thumbnail\"><img fetchpriority=\"high\" decoding=\"async\" width=\"2560\" height=\"1707\" src=\"https:\/\/nuaflex.com\/wp-content\/uploads\/2026\/01\/NIKON-D3X1882-scaled.jpg\" class=\"attachment-full size-full wp-image-37925\" alt=\"\" srcset=\"https:\/\/nuaflex.com\/wp-content\/uploads\/2026\/01\/NIKON-D3X1882-scaled.jpg 2560w, https:\/\/nuaflex.com\/wp-content\/uploads\/2026\/01\/NIKON-D3X1882-300x200.jpg 300w, https:\/\/nuaflex.com\/wp-content\/uploads\/2026\/01\/NIKON-D3X1882-1024x683.jpg 1024w, https:\/\/nuaflex.com\/wp-content\/uploads\/2026\/01\/NIKON-D3X1882-768x512.jpg 768w, https:\/\/nuaflex.com\/wp-content\/uploads\/2026\/01\/NIKON-D3X1882-1536x1024.jpg 1536w, https:\/\/nuaflex.com\/wp-content\/uploads\/2026\/01\/NIKON-D3X1882-2048x1365.jpg 2048w\" sizes=\"(max-width: 2560px) 100vw, 2560px\" \/><\/div><\/a>\n\t\t\t\t<div class=\"elementor-post__badge\">Sustainability<\/div>\n\t\t\t\t<div class=\"elementor-post__text\">\n\t\t\t\t<h3 class=\"elementor-post__title\">\n\t\t\t<a href=\"https:\/\/nuaflex.com\/de\/optimieren-sie-kuehlkompressorsysteme-mit-den-fortschrittlichen-vibrationsschlaeuchen-von-nuaflex\/\" >\n\t\t\t\tOptimieren Sie K\u00fchlkompressorsysteme mit den fortschrittlichen Vibrationsschl\u00e4uchen von Nuaflex.\t\t\t<\/a>\n\t\t<\/h3>\n\t\t\t\t<div class=\"elementor-post__excerpt\">\n\t\t\t<p>In Industrie- und Gewerbebetrieben sind K\u00fchlkompressoren f\u00fcr die Aufrechterhaltung der Temperaturstabilit\u00e4t und Betriebseffizienz unverzichtbar. Wir<\/p>\n\t\t<\/div>\n\t\t\n\t\t<a class=\"elementor-post__read-more\" href=\"https:\/\/nuaflex.com\/de\/optimieren-sie-kuehlkompressorsysteme-mit-den-fortschrittlichen-vibrationsschlaeuchen-von-nuaflex\/\" aria-label=\"Mehr \u00fcber Optimieren Sie K\u00fchlkompressorsysteme mit den fortschrittlichen Vibrationsschl\u00e4uchen von Nuaflex.\" tabindex=\"-1\" >\n\t\t\tWeiterlesen \u00bb\t\t<\/a>\n\n\t\t\t\t<\/div>\n\t\t\t\t<div class=\"elementor-post__meta-data\">\n\t\t\t\t\t<span class=\"elementor-post-date\">\n\t\t\t24. Oktober 2025\t\t<\/span>\n\t\t\t\t<\/div>\n\t\t\t\t\t<\/div>\n\t\t<\/article>\n\t\t\t\t<article class=\"elementor-post elementor-grid-item post-37920 post type-post status-publish format-standard has-post-thumbnail hentry category-nicht-kategorisiert\" role=\"listitem\">\n\t\t\t<div class=\"elementor-post__card\">\n\t\t\t\t<a class=\"elementor-post__thumbnail__link\" href=\"https:\/\/nuaflex.com\/de\/warum-flexible-metallschlaeuche-gegenueber-kupferrohren-vorzuziehen-sind\/\" tabindex=\"-1\" ><div class=\"elementor-post__thumbnail\"><img decoding=\"async\" width=\"2560\" height=\"1700\" src=\"https:\/\/nuaflex.com\/wp-content\/uploads\/2026\/02\/NIKON-D2X9220-scaled.jpg\" class=\"attachment-full size-full wp-image-37922\" alt=\"\" srcset=\"https:\/\/nuaflex.com\/wp-content\/uploads\/2026\/02\/NIKON-D2X9220-scaled.jpg 2560w, https:\/\/nuaflex.com\/wp-content\/uploads\/2026\/02\/NIKON-D2X9220-300x199.jpg 300w, https:\/\/nuaflex.com\/wp-content\/uploads\/2026\/02\/NIKON-D2X9220-1024x680.jpg 1024w, https:\/\/nuaflex.com\/wp-content\/uploads\/2026\/02\/NIKON-D2X9220-768x510.jpg 768w, https:\/\/nuaflex.com\/wp-content\/uploads\/2026\/02\/NIKON-D2X9220-1536x1020.jpg 1536w, https:\/\/nuaflex.com\/wp-content\/uploads\/2026\/02\/NIKON-D2X9220-2048x1360.jpg 2048w\" sizes=\"(max-width: 2560px) 100vw, 2560px\" \/><\/div><\/a>\n\t\t\t\t<div class=\"elementor-post__badge\">Nicht kategorisiert<\/div>\n\t\t\t\t<div class=\"elementor-post__text\">\n\t\t\t\t<h3 class=\"elementor-post__title\">\n\t\t\t<a href=\"https:\/\/nuaflex.com\/de\/warum-flexible-metallschlaeuche-gegenueber-kupferrohren-vorzuziehen-sind\/\" >\n\t\t\t\tWarum flexible Metallschl\u00e4uche gegen\u00fcber Kupferrohren vorzuziehen sind\t\t\t<\/a>\n\t\t<\/h3>\n\t\t\t\t<div class=\"elementor-post__excerpt\">\n\t\t\t<p>Bei Sanit\u00e4r- und Industrieanwendungen kann die Wahl der Materialien einen erheblichen Einfluss auf die Effizienz,<\/p>\n\t\t<\/div>\n\t\t\n\t\t<a class=\"elementor-post__read-more\" href=\"https:\/\/nuaflex.com\/de\/warum-flexible-metallschlaeuche-gegenueber-kupferrohren-vorzuziehen-sind\/\" aria-label=\"Mehr \u00fcber Warum flexible Metallschl\u00e4uche gegen\u00fcber Kupferrohren vorzuziehen sind\" tabindex=\"-1\" >\n\t\t\tWeiterlesen \u00bb\t\t<\/a>\n\n\t\t\t\t<\/div>\n\t\t\t\t<div class=\"elementor-post__meta-data\">\n\t\t\t\t\t<span class=\"elementor-post-date\">\n\t\t\t18. September 2025\t\t<\/span>\n\t\t\t\t<\/div>\n\t\t\t\t\t<\/div>\n\t\t<\/article>\n\t\t\t\t<article class=\"elementor-post elementor-grid-item post-37917 post type-post status-publish format-standard has-post-thumbnail hentry category-nicht-kategorisiert\" role=\"listitem\">\n\t\t\t<div class=\"elementor-post__card\">\n\t\t\t\t<a class=\"elementor-post__thumbnail__link\" href=\"https:\/\/nuaflex.com\/de\/die-flexibilitaet-und-festigkeit-von-flexiblen-metallschlaeuchen-aus-edelstahl-in-der-fluidtechnik-entschluesseln\/\" tabindex=\"-1\" ><div class=\"elementor-post__thumbnail\"><img decoding=\"async\" width=\"1600\" height=\"1018\" src=\"https:\/\/nuaflex.com\/wp-content\/uploads\/2026\/01\/vole-right.png\" class=\"attachment-full size-full wp-image-37918\" alt=\"\" srcset=\"https:\/\/nuaflex.com\/wp-content\/uploads\/2026\/01\/vole-right.png 1600w, https:\/\/nuaflex.com\/wp-content\/uploads\/2026\/01\/vole-right-300x191.png 300w, https:\/\/nuaflex.com\/wp-content\/uploads\/2026\/01\/vole-right-1024x652.png 1024w, https:\/\/nuaflex.com\/wp-content\/uploads\/2026\/01\/vole-right-768x489.png 768w, https:\/\/nuaflex.com\/wp-content\/uploads\/2026\/01\/vole-right-1536x977.png 1536w\" sizes=\"(max-width: 1600px) 100vw, 1600px\" \/><\/div><\/a>\n\t\t\t\t<div class=\"elementor-post__badge\">Nicht kategorisiert<\/div>\n\t\t\t\t<div class=\"elementor-post__text\">\n\t\t\t\t<h3 class=\"elementor-post__title\">\n\t\t\t<a href=\"https:\/\/nuaflex.com\/de\/die-flexibilitaet-und-festigkeit-von-flexiblen-metallschlaeuchen-aus-edelstahl-in-der-fluidtechnik-entschluesseln\/\" >\n\t\t\t\tDie Flexibilit\u00e4t und Festigkeit von flexiblen Metallschl\u00e4uchen aus Edelstahl in der Fluidtechnik entschl\u00fcsseln\t\t\t<\/a>\n\t\t<\/h3>\n\t\t\t\t<div class=\"elementor-post__excerpt\">\n\t\t\t<p>Fluidhandhabungssysteme erfordern Zuverl\u00e4ssigkeit, Langlebigkeit und Vielseitigkeit, um den komplexen Anforderungen moderner industrieller Prozesse gerecht zu<\/p>\n\t\t<\/div>\n\t\t\n\t\t<a class=\"elementor-post__read-more\" href=\"https:\/\/nuaflex.com\/de\/die-flexibilitaet-und-festigkeit-von-flexiblen-metallschlaeuchen-aus-edelstahl-in-der-fluidtechnik-entschluesseln\/\" aria-label=\"Mehr \u00fcber Die Flexibilit\u00e4t und Festigkeit von flexiblen Metallschl\u00e4uchen aus Edelstahl in der Fluidtechnik entschl\u00fcsseln\" tabindex=\"-1\" >\n\t\t\tWeiterlesen \u00bb\t\t<\/a>\n\n\t\t\t\t<\/div>\n\t\t\t\t<div class=\"elementor-post__meta-data\">\n\t\t\t\t\t<span class=\"elementor-post-date\">\n\t\t\t8. Mai 2025\t\t<\/span>\n\t\t\t\t<\/div>\n\t\t\t\t\t<\/div>\n\t\t<\/article>\n\t\t\t\t<\/div>\n\t\t\n\t\t\t\t\t\t<\/div>\n\t\t\t\t<\/div>\n\t\t\t\t\t<\/div>\n\t\t\t\t<\/div>\n\t\t\t\t<\/div>\n\t\t","protected":false},"excerpt":{"rendered":"<p>Blogs<\/p>\n","protected":false},"author":1,"featured_media":0,"parent":0,"menu_order":0,"comment_status":"closed","ping_status":"closed","template":"elementor_header_footer","meta":{"footnotes":""},"class_list":["post-37901","page","type-page","status-publish","hentry"],"_links":{"self":[{"href":"https:\/\/nuaflex.com\/de\/wp-json\/wp\/v2\/pages\/37901","targetHints":{"allow":["GET"]}}],"collection":[{"href":"https:\/\/nuaflex.com\/de\/wp-json\/wp\/v2\/pages"}],"about":[{"href":"https:\/\/nuaflex.com\/de\/wp-json\/wp\/v2\/types\/page"}],"author":[{"embeddable":true,"href":"https:\/\/nuaflex.com\/de\/wp-json\/wp\/v2\/users\/1"}],"replies":[{"embeddable":true,"href":"https:\/\/nuaflex.com\/de\/wp-json\/wp\/v2\/comments?post=37901"}],"version-history":[{"count":1,"href":"https:\/\/nuaflex.com\/de\/wp-json\/wp\/v2\/pages\/37901\/revisions"}],"predecessor-version":[{"id":37903,"href":"https:\/\/nuaflex.com\/de\/wp-json\/wp\/v2\/pages\/37901\/revisions\/37903"}],"wp:attachment":[{"href":"https:\/\/nuaflex.com\/de\/wp-json\/wp\/v2\/media?parent=37901"}],"curies":[{"name":"wp","href":"https:\/\/api.w.org\/{rel}","templated":true}]}}