{"id":38020,"date":"2026-02-01T10:21:56","date_gmt":"2026-02-01T10:21:56","guid":{"rendered":"https:\/\/nuaflex.com\/branchen\/brandschutzsysteme\/"},"modified":"2026-02-05T09:36:25","modified_gmt":"2026-02-05T09:36:25","slug":"brandschutzsysteme","status":"publish","type":"page","link":"https:\/\/nuaflex.com\/de\/branchen\/brandschutzsysteme\/","title":{"rendered":"Brandschutzsysteme"},"content":{"rendered":"\t\t<div data-elementor-type=\"wp-page\" data-elementor-id=\"38020\" class=\"elementor elementor-38020 elementor-37002\" data-elementor-settings=\"{&quot;ha_cmc_init_switcher&quot;:&quot;no&quot;}\" data-elementor-post-type=\"page\">\n\t\t\t\t<div class=\"elementor-element elementor-element-a0c7cc1 e-flex e-con-boxed e-con e-parent\" data-id=\"a0c7cc1\" data-element_type=\"container\" data-e-type=\"container\" data-settings=\"{&quot;background_background&quot;:&quot;classic&quot;,&quot;_ha_eqh_enable&quot;:false}\">\n\t\t\t\t\t<div class=\"e-con-inner\">\n\t\t\t\t<div class=\"elementor-element elementor-element-b142f80 elementor-widget elementor-widget-heading\" data-id=\"b142f80\" data-element_type=\"widget\" data-e-type=\"widget\" data-widget_type=\"heading.default\">\n\t\t\t\t\t<h2 class=\"elementor-heading-title elementor-size-default\">Brandschutzsysteme<\/h2>\t\t\t\t<\/div>\n\t\t\t\t<div class=\"elementor-element elementor-element-1663d86 elementor-widget elementor-widget-heading\" data-id=\"1663d86\" data-element_type=\"widget\" data-e-type=\"widget\" data-widget_type=\"heading.default\">\n\t\t\t\t\t<h2 class=\"elementor-heading-title elementor-size-default\"><a href=\"https:\/\/nuaflex.com\/de\/\">Startseite <\/a>&gt; <a href=\"https:\/\/nuaflex.com\/de\/branchen\/\">Branchen <\/a>&gt; Brandschutzsysteme<\/h2>\t\t\t\t<\/div>\n\t\t\t\t\t<\/div>\n\t\t\t\t<\/div>\n\t\t<div class=\"elementor-element elementor-element-f32fea8 e-flex e-con-boxed e-con e-parent\" data-id=\"f32fea8\" data-element_type=\"container\" data-e-type=\"container\" data-settings=\"{&quot;_ha_eqh_enable&quot;:false}\">\n\t\t\t\t\t<div class=\"e-con-inner\">\n\t\t<div class=\"elementor-element elementor-element-be7da8b e-con-full e-flex e-con e-child\" data-id=\"be7da8b\" data-element_type=\"container\" data-e-type=\"container\" data-settings=\"{&quot;_ha_eqh_enable&quot;:false}\">\n\t\t<div class=\"elementor-element elementor-element-afaa363 e-con-full e-flex e-con e-child\" data-id=\"afaa363\" data-element_type=\"container\" data-e-type=\"container\" data-settings=\"{&quot;background_background&quot;:&quot;classic&quot;,&quot;sticky_parent&quot;:&quot;yes&quot;,&quot;sticky&quot;:&quot;top&quot;,&quot;sticky_offset&quot;:200,&quot;_ha_eqh_enable&quot;:false,&quot;sticky_on&quot;:[&quot;desktop&quot;,&quot;tablet&quot;,&quot;mobile&quot;],&quot;sticky_effects_offset&quot;:0,&quot;sticky_anchor_link_offset&quot;:0}\">\n\t\t\t\t<div class=\"elementor-element elementor-element-45ce8b9 elementor-align-justify elementor-widget elementor-widget-button\" data-id=\"45ce8b9\" data-element_type=\"widget\" data-e-type=\"widget\" data-widget_type=\"button.default\">\n\t\t\t\t\t\t\t\t\t\t<a class=\"elementor-button elementor-button-link elementor-size-sm\" href=\"https:\/\/nuaflex.com\/de\/branchen\/energietechnik\/\">\n\t\t\t\t\t\t<span class=\"elementor-button-content-wrapper\">\n\t\t\t\t\t\t<span class=\"elementor-button-icon\">\n\t\t\t\t<svg aria-hidden=\"true\" class=\"e-font-icon-svg e-fas-chevron-right\" viewBox=\"0 0 320 512\" xmlns=\"http:\/\/www.w3.org\/2000\/svg\"><path d=\"M285.476 272.971L91.132 467.314c-9.373 9.373-24.569 9.373-33.941 0l-22.667-22.667c-9.357-9.357-9.375-24.522-.04-33.901L188.505 256 34.484 101.255c-9.335-9.379-9.317-24.544.04-33.901l22.667-22.667c9.373-9.373 24.569-9.373 33.941 0L285.475 239.03c9.373 9.372 9.373 24.568.001 33.941z\"><\/path><\/svg>\t\t\t<\/span>\n\t\t\t\t\t\t\t\t\t<span class=\"elementor-button-text\">Energietechnik<\/span>\n\t\t\t\t\t<\/span>\n\t\t\t\t\t<\/a>\n\t\t\t\t\t\t\t\t<\/div>\n\t\t\t\t<div class=\"elementor-element elementor-element-dfb7961 elementor-align-justify elementor-widget elementor-widget-button\" data-id=\"dfb7961\" data-element_type=\"widget\" data-e-type=\"widget\" data-widget_type=\"button.default\">\n\t\t\t\t\t\t\t\t\t\t<a class=\"elementor-button elementor-button-link elementor-size-sm\" href=\"https:\/\/nuaflex.com\/de\/branchen\/automobilindustrie\/\">\n\t\t\t\t\t\t<span class=\"elementor-button-content-wrapper\">\n\t\t\t\t\t\t<span class=\"elementor-button-icon\">\n\t\t\t\t<svg aria-hidden=\"true\" class=\"e-font-icon-svg e-fas-chevron-right\" viewBox=\"0 0 320 512\" xmlns=\"http:\/\/www.w3.org\/2000\/svg\"><path d=\"M285.476 272.971L91.132 467.314c-9.373 9.373-24.569 9.373-33.941 0l-22.667-22.667c-9.357-9.357-9.375-24.522-.04-33.901L188.505 256 34.484 101.255c-9.335-9.379-9.317-24.544.04-33.901l22.667-22.667c9.373-9.373 24.569-9.373 33.941 0L285.475 239.03c9.373 9.372 9.373 24.568.001 33.941z\"><\/path><\/svg>\t\t\t<\/span>\n\t\t\t\t\t\t\t\t\t<span class=\"elementor-button-text\">Automotive Industry<\/span>\n\t\t\t\t\t<\/span>\n\t\t\t\t\t<\/a>\n\t\t\t\t\t\t\t\t<\/div>\n\t\t\t\t<div class=\"elementor-element elementor-element-8a66a8c elementor-align-justify elementor-widget elementor-widget-button\" data-id=\"8a66a8c\" data-element_type=\"widget\" data-e-type=\"widget\" data-widget_type=\"button.default\">\n\t\t\t\t\t\t\t\t\t\t<a class=\"elementor-button elementor-button-link elementor-size-sm\" href=\"https:\/\/nuaflex.com\/de\/branchen\/industrietechnik\/\">\n\t\t\t\t\t\t<span class=\"elementor-button-content-wrapper\">\n\t\t\t\t\t\t<span class=\"elementor-button-icon\">\n\t\t\t\t<svg aria-hidden=\"true\" class=\"e-font-icon-svg e-fas-chevron-right\" viewBox=\"0 0 320 512\" xmlns=\"http:\/\/www.w3.org\/2000\/svg\"><path d=\"M285.476 272.971L91.132 467.314c-9.373 9.373-24.569 9.373-33.941 0l-22.667-22.667c-9.357-9.357-9.375-24.522-.04-33.901L188.505 256 34.484 101.255c-9.335-9.379-9.317-24.544.04-33.901l22.667-22.667c9.373-9.373 24.569-9.373 33.941 0L285.475 239.03c9.373 9.372 9.373 24.568.001 33.941z\"><\/path><\/svg>\t\t\t<\/span>\n\t\t\t\t\t\t\t\t\t<span class=\"elementor-button-text\">Industrietechnik<\/span>\n\t\t\t\t\t<\/span>\n\t\t\t\t\t<\/a>\n\t\t\t\t\t\t\t\t<\/div>\n\t\t\t\t<div class=\"elementor-element elementor-element-979143c elementor-align-justify elementor-widget elementor-widget-button\" data-id=\"979143c\" data-element_type=\"widget\" data-e-type=\"widget\" data-widget_type=\"button.default\">\n\t\t\t\t\t\t\t\t\t\t<a class=\"elementor-button elementor-button-link elementor-size-sm\" href=\"https:\/\/nuaflex.com\/de\/branchen\/hlk-technik\/\">\n\t\t\t\t\t\t<span class=\"elementor-button-content-wrapper\">\n\t\t\t\t\t\t<span class=\"elementor-button-icon\">\n\t\t\t\t<svg aria-hidden=\"true\" class=\"e-font-icon-svg e-fas-chevron-right\" viewBox=\"0 0 320 512\" xmlns=\"http:\/\/www.w3.org\/2000\/svg\"><path d=\"M285.476 272.971L91.132 467.314c-9.373 9.373-24.569 9.373-33.941 0l-22.667-22.667c-9.357-9.357-9.375-24.522-.04-33.901L188.505 256 34.484 101.255c-9.335-9.379-9.317-24.544.04-33.901l22.667-22.667c9.373-9.373 24.569-9.373 33.941 0L285.475 239.03c9.373 9.372 9.373 24.568.001 33.941z\"><\/path><\/svg>\t\t\t<\/span>\n\t\t\t\t\t\t\t\t\t<span class=\"elementor-button-text\">HLK-Technik<\/span>\n\t\t\t\t\t<\/span>\n\t\t\t\t\t<\/a>\n\t\t\t\t\t\t\t\t<\/div>\n\t\t\t\t<div class=\"elementor-element elementor-element-7041e7c elementor-align-justify elementor-widget elementor-widget-button\" data-id=\"7041e7c\" data-element_type=\"widget\" data-e-type=\"widget\" data-widget_type=\"button.default\">\n\t\t\t\t\t\t\t\t\t\t<a class=\"elementor-button elementor-button-link elementor-size-sm\" href=\"https:\/\/nuaflex.com\/de\/branchen\/schiffbau-und-schifffahrt\/\">\n\t\t\t\t\t\t<span class=\"elementor-button-content-wrapper\">\n\t\t\t\t\t\t<span class=\"elementor-button-icon\">\n\t\t\t\t<svg aria-hidden=\"true\" class=\"e-font-icon-svg e-fas-chevron-right\" viewBox=\"0 0 320 512\" xmlns=\"http:\/\/www.w3.org\/2000\/svg\"><path d=\"M285.476 272.971L91.132 467.314c-9.373 9.373-24.569 9.373-33.941 0l-22.667-22.667c-9.357-9.357-9.375-24.522-.04-33.901L188.505 256 34.484 101.255c-9.335-9.379-9.317-24.544.04-33.901l22.667-22.667c9.373-9.373 24.569-9.373 33.941 0L285.475 239.03c9.373 9.372 9.373 24.568.001 33.941z\"><\/path><\/svg>\t\t\t<\/span>\n\t\t\t\t\t\t\t\t\t<span class=\"elementor-button-text\">Schiffbau und Schifffahrt<\/span>\n\t\t\t\t\t<\/span>\n\t\t\t\t\t<\/a>\n\t\t\t\t\t\t\t\t<\/div>\n\t\t\t\t<div class=\"elementor-element elementor-element-4f64c39 elementor-align-justify elementor-widget elementor-widget-button\" data-id=\"4f64c39\" data-element_type=\"widget\" data-e-type=\"widget\" data-widget_type=\"button.default\">\n\t\t\t\t\t\t\t\t\t\t<a class=\"elementor-button elementor-button-link elementor-size-sm\" href=\"https:\/\/nuaflex.com\/de\/branchen\/eisenbahntechnik\/\">\n\t\t\t\t\t\t<span class=\"elementor-button-content-wrapper\">\n\t\t\t\t\t\t<span class=\"elementor-button-icon\">\n\t\t\t\t<svg aria-hidden=\"true\" class=\"e-font-icon-svg e-fas-chevron-right\" viewBox=\"0 0 320 512\" xmlns=\"http:\/\/www.w3.org\/2000\/svg\"><path d=\"M285.476 272.971L91.132 467.314c-9.373 9.373-24.569 9.373-33.941 0l-22.667-22.667c-9.357-9.357-9.375-24.522-.04-33.901L188.505 256 34.484 101.255c-9.335-9.379-9.317-24.544.04-33.901l22.667-22.667c9.373-9.373 24.569-9.373 33.941 0L285.475 239.03c9.373 9.372 9.373 24.568.001 33.941z\"><\/path><\/svg>\t\t\t<\/span>\n\t\t\t\t\t\t\t\t\t<span class=\"elementor-button-text\">Eisenbahntechnik<\/span>\n\t\t\t\t\t<\/span>\n\t\t\t\t\t<\/a>\n\t\t\t\t\t\t\t\t<\/div>\n\t\t\t\t<div class=\"elementor-element elementor-element-9617cda elementor-align-justify elementor-widget elementor-widget-button\" data-id=\"9617cda\" data-element_type=\"widget\" data-e-type=\"widget\" data-widget_type=\"button.default\">\n\t\t\t\t\t\t\t\t\t\t<a class=\"elementor-button elementor-button-link elementor-size-sm\" href=\"https:\/\/nuaflex.com\/de\/branchen\/brandschutzsysteme\/\">\n\t\t\t\t\t\t<span class=\"elementor-button-content-wrapper\">\n\t\t\t\t\t\t<span class=\"elementor-button-icon\">\n\t\t\t\t<svg aria-hidden=\"true\" class=\"e-font-icon-svg e-fas-chevron-right\" viewBox=\"0 0 320 512\" xmlns=\"http:\/\/www.w3.org\/2000\/svg\"><path d=\"M285.476 272.971L91.132 467.314c-9.373 9.373-24.569 9.373-33.941 0l-22.667-22.667c-9.357-9.357-9.375-24.522-.04-33.901L188.505 256 34.484 101.255c-9.335-9.379-9.317-24.544.04-33.901l22.667-22.667c9.373-9.373 24.569-9.373 33.941 0L285.475 239.03c9.373 9.372 9.373 24.568.001 33.941z\"><\/path><\/svg>\t\t\t<\/span>\n\t\t\t\t\t\t\t\t\t<span class=\"elementor-button-text\">Brandschutzsysteme<\/span>\n\t\t\t\t\t<\/span>\n\t\t\t\t\t<\/a>\n\t\t\t\t\t\t\t\t<\/div>\n\t\t\t\t<\/div>\n\t\t\t\t<\/div>\n\t\t<div class=\"elementor-element elementor-element-ff2d875 e-con-full e-flex e-con e-child\" data-id=\"ff2d875\" data-element_type=\"container\" data-e-type=\"container\" data-settings=\"{&quot;_ha_eqh_enable&quot;:false}\">\n\t\t\t\t<div class=\"elementor-element elementor-element-7f4518e elementor-widget elementor-widget-image\" data-id=\"7f4518e\" data-element_type=\"widget\" data-e-type=\"widget\" data-widget_type=\"image.default\">\n\t\t\t\t\t\t\t\t\t\t\t\t\t\t\t<img fetchpriority=\"high\" decoding=\"async\" width=\"2560\" height=\"1707\" src=\"https:\/\/nuaflex.com\/wp-content\/uploads\/2026\/02\/shutterstock_2694517023-scaled.jpg\" class=\"attachment-full size-full wp-image-37935\" alt=\"\" srcset=\"https:\/\/nuaflex.com\/wp-content\/uploads\/2026\/02\/shutterstock_2694517023-scaled.jpg 2560w, https:\/\/nuaflex.com\/wp-content\/uploads\/2026\/02\/shutterstock_2694517023-300x200.jpg 300w, https:\/\/nuaflex.com\/wp-content\/uploads\/2026\/02\/shutterstock_2694517023-1024x683.jpg 1024w, https:\/\/nuaflex.com\/wp-content\/uploads\/2026\/02\/shutterstock_2694517023-768x512.jpg 768w, https:\/\/nuaflex.com\/wp-content\/uploads\/2026\/02\/shutterstock_2694517023-1536x1024.jpg 1536w, https:\/\/nuaflex.com\/wp-content\/uploads\/2026\/02\/shutterstock_2694517023-2048x1365.jpg 2048w\" sizes=\"(max-width: 2560px) 100vw, 2560px\" \/>\t\t\t\t\t\t\t\t\t\t\t\t\t\t\t<\/div>\n\t\t\t\t<div class=\"elementor-element elementor-element-e8b0094 elementor-widget elementor-widget-heading\" data-id=\"e8b0094\" data-element_type=\"widget\" data-e-type=\"widget\" data-widget_type=\"heading.default\">\n\t\t\t\t\t<h2 class=\"elementor-heading-title elementor-size-default\">Nuaflex Brandschutzl\u00f6sungen: Innovation im Bereich Sicherheit<\/h2>\t\t\t\t<\/div>\n\t\t\t\t<div class=\"elementor-element elementor-element-6c882cb elementor-widget elementor-widget-text-editor\" data-id=\"6c882cb\" data-element_type=\"widget\" data-e-type=\"widget\" data-widget_type=\"text-editor.default\">\n\t\t\t\t\t\t\t\t\t<h2><b>Nuaflex-Metallschl\u00e4uche f\u00fcr den Brandschutz<\/b><\/h2><p><span style=\"font-weight: 400;\">Im kritischen Bereich des Brandschutzes sind Systemintegrit\u00e4t und schnelle Einsatzbereitschaft unverzichtbar. Nuaflex liefert speziell entwickelte Edelstahlschlauchleitungen, die die Installation und Leistung von Sprinkleranlagen revolutionieren. Durch den Ersatz schwerf\u00e4lliger starrer Rohrleitungen durch unsere fortschrittlichen flexiblen L\u00f6sungen bieten wir eine \u00fcberlegene Alternative, die erheblich Zeit spart, die Projektkosten senkt und einen zuverl\u00e4ssigen Betrieb garantiert, wenn es darauf ankommt.  <\/span><\/p><h3><b>Der Vorteil des flexiblen Sprinklerschlauchs<\/b><\/h3><p><span style=\"font-weight: 400;\">Die Sprinkler-Systemschl\u00e4uche aus Edelstahl von Nuaflex wurden entwickelt, um sich nahtlos in alle modernen Brandschutzstrategien zu integrieren. Im Gegensatz zu herk\u00f6mmlichen starren Rohrleitungen, die pr\u00e4zises Schneiden, Gewindeschneiden und komplexe Ausrichtung erfordern, bieten unsere flexiblen Schl\u00e4uche eine fl\u00fcssige Verbindung zwischen der Hauptverteilungsleitung und dem Sprinklerkopf. Diese Innovation beseitigt die \u00fcblichen Probleme der Fehlausrichtung und der Navigation durch komplexe Deckenkonstruktionen.  <\/span><\/p><p><br><br><\/p><h3><b>Wichtigste Produktvorteile<\/b><\/h3><p><span style=\"font-weight: 400;\">Unsere Brandschutzsysteme wurden sowohl f\u00fcr Installateure als auch f\u00fcr Geb\u00e4udeeigent\u00fcmer entwickelt und bieten einen greifbaren Mehrwert von der Bauphase bis zum gesamten Lebenszyklus des Systems.<\/span><\/p><ul><li style=\"font-weight: 400;\" aria-level=\"1\">Optimierte Installation: Die inh\u00e4rente Flexibilit\u00e4t der Nuaflex-Schl\u00e4uche reduziert den physischen Arbeitsaufwand und die f\u00fcr die Installation erforderliche Zeit erheblich. Installateure k\u00f6nnen Hindernisse m\u00fchelos umgehen, ohne dass zus\u00e4tzliche Winkelst\u00fccke, Kupplungen oder Fittings erforderlich sind.<\/li><li style=\"font-weight: 400;\" aria-level=\"1\">Uneingeschr\u00e4nkte Positionierung: Unser flexibles Design bietet v\u00f6llige Freiheit bei der Positionierung des Sprinklerkopfes. Installateure k\u00f6nnen den Kopf an jeder beliebigen Stelle innerhalb des durch die Schlauchl\u00e4nge definierten kreisf\u00f6rmigen Radius anbringen, wodurch das m\u00fchsame Ausrichten starrer Rohre an bestimmten Deckenrasterplatten entf\u00e4llt.<\/li><li style=\"font-weight: 400;\" aria-level=\"1\">Perfekte Ausrichtung: Nuaflex-Schl\u00e4uche erm\u00f6glichen eine pr\u00e4zise und stressfreie Installation. Dadurch wird sichergestellt, dass die Sprinklerk\u00f6pfe b\u00fcndig und gerade an der Deckenplatte anliegen, ohne das Rohrleitungssystem mechanisch zu belasten.<\/li><li style=\"font-weight: 400;\" aria-level=\"1\">Kosten- und Zeiteffizienz: Durch die Vereinfachung des Anschlussvorgangs reduzieren unsere Produkte die Installationszeit erheblich. Diese Effizienz f\u00fchrt direkt zu geringeren Arbeitskosten und schnelleren Projektfertigstellungsterminen.<\/li><\/ul><h3><b>Kompromisslose Zuverl\u00e4ssigkeit in kritischen Sicherheitssystemen<\/b><\/h3><p><span style=\"font-weight: 400;\">Brandschutzsysteme bleiben oft jahrelang ungenutzt, m\u00fcssen jedoch im Notfall sofort und einwandfrei funktionieren. Nuaflex-Metallschl\u00e4uche bieten die f\u00fcr diese immense Verantwortung erforderliche Langlebigkeit. <\/span><\/p><ul><li style=\"font-weight: 400;\" aria-level=\"1\">Robuste Konstruktion: Nuaflex-Schl\u00e4uche werden aus hochwertigem Edelstahl hergestellt und sind so konstruiert, dass sie pl\u00f6tzlichen Druckst\u00f6\u00dfen standhalten und korrosionsbest\u00e4ndig sind, wodurch die langfristige Systemintegrit\u00e4t gew\u00e4hrleistet ist.<\/li><\/ul><p>Sicherheit: Unsere Baugruppen wurden strengen Tests unterzogen und entsprechen den strengen Branchenstandards. Sie bieten eine sichere, leckagefreie Verbindung, auf die sich die Geb\u00e4udenutzer f\u00fcr ihre Sicherheit verlassen k\u00f6nnen.<\/p>\t\t\t\t\t\t\t\t<\/div>\n\t\t\t\t<div class=\"elementor-element elementor-element-c60a500 elementor-widget elementor-widget-n-accordion\" data-id=\"c60a500\" data-element_type=\"widget\" data-e-type=\"widget\" data-settings=\"{&quot;default_state&quot;:&quot;expanded&quot;,&quot;max_items_expended&quot;:&quot;one&quot;,&quot;n_accordion_animation_duration&quot;:{&quot;unit&quot;:&quot;ms&quot;,&quot;size&quot;:400,&quot;sizes&quot;:[]}}\" data-widget_type=\"nested-accordion.default\">\n\t\t\t\t\t\t\t<div class=\"e-n-accordion\" aria-label=\"Accordion. Open links with Enter or Space, close with Escape, and navigate with Arrow Keys\">\n\t\t\t\t\t\t<details id=\"e-n-accordion-item-2070\" class=\"e-n-accordion-item\" open>\n\t\t\t\t<summary class=\"e-n-accordion-item-title\" data-accordion-index=\"1\" tabindex=\"0\" aria-expanded=\"true\" aria-controls=\"e-n-accordion-item-2070\" >\n\t\t\t\t\t<span class='e-n-accordion-item-title-header'><div class=\"e-n-accordion-item-title-text\"> Wof\u00fcr werden Nuaflex-Schl\u00e4uche in Brandschutzsystemen verwendet? <\/div><\/span>\n\t\t\t\t\t\t\t<span class='e-n-accordion-item-title-icon'>\n\t\t\t<span class='e-opened' ><svg aria-hidden=\"true\" class=\"e-font-icon-svg e-fas-minus\" viewBox=\"0 0 448 512\" xmlns=\"http:\/\/www.w3.org\/2000\/svg\"><path d=\"M416 208H32c-17.67 0-32 14.33-32 32v32c0 17.67 14.33 32 32 32h384c17.67 0 32-14.33 32-32v-32c0-17.67-14.33-32-32-32z\"><\/path><\/svg><\/span>\n\t\t\t<span class='e-closed'><svg aria-hidden=\"true\" class=\"e-font-icon-svg e-fas-plus\" viewBox=\"0 0 448 512\" xmlns=\"http:\/\/www.w3.org\/2000\/svg\"><path d=\"M416 208H272V64c0-17.67-14.33-32-32-32h-32c-17.67 0-32 14.33-32 32v144H32c-17.67 0-32 14.33-32 32v32c0 17.67 14.33 32 32 32h144v144c0 17.67 14.33 32 32 32h32c17.67 0 32-14.33 32-32V304h144c17.67 0 32-14.33 32-32v-32c0-17.67-14.33-32-32-32z\"><\/path><\/svg><\/span>\n\t\t<\/span>\n\n\t\t\t\t\t\t<\/summary>\n\t\t\t\t<div role=\"region\" aria-labelledby=\"e-n-accordion-item-2070\" class=\"elementor-element elementor-element-ebf031b e-con-full e-flex e-con e-child\" data-id=\"ebf031b\" data-element_type=\"container\" data-e-type=\"container\" data-settings=\"{&quot;_ha_eqh_enable&quot;:false}\">\n\t\t\t\t<div class=\"elementor-element elementor-element-0dc89ee elementor-widget elementor-widget-heading\" data-id=\"0dc89ee\" data-element_type=\"widget\" data-e-type=\"widget\" data-widget_type=\"heading.default\">\n\t\t\t\t\t<p class=\"elementor-heading-title elementor-size-default\">Sie sind als flexible Sprinkleranschl\u00fcsse konzipiert und gew\u00e4hrleisten eine zuverl\u00e4ssige und leckagefreie Leistung.<\/p>\t\t\t\t<\/div>\n\t\t\t\t<\/div>\n\t\t\t\t\t<\/details>\n\t\t\t\t\t\t<details id=\"e-n-accordion-item-2071\" class=\"e-n-accordion-item\" >\n\t\t\t\t<summary class=\"e-n-accordion-item-title\" data-accordion-index=\"2\" tabindex=\"-1\" aria-expanded=\"false\" aria-controls=\"e-n-accordion-item-2071\" >\n\t\t\t\t\t<span class='e-n-accordion-item-title-header'><div class=\"e-n-accordion-item-title-text\"> Was sind die Installationsvorteile von Nuaflex-Sprinklerschl\u00e4uchen? <\/div><\/span>\n\t\t\t\t\t\t\t<span class='e-n-accordion-item-title-icon'>\n\t\t\t<span class='e-opened' ><svg aria-hidden=\"true\" class=\"e-font-icon-svg e-fas-minus\" viewBox=\"0 0 448 512\" xmlns=\"http:\/\/www.w3.org\/2000\/svg\"><path d=\"M416 208H32c-17.67 0-32 14.33-32 32v32c0 17.67 14.33 32 32 32h384c17.67 0 32-14.33 32-32v-32c0-17.67-14.33-32-32-32z\"><\/path><\/svg><\/span>\n\t\t\t<span class='e-closed'><svg aria-hidden=\"true\" class=\"e-font-icon-svg e-fas-plus\" viewBox=\"0 0 448 512\" xmlns=\"http:\/\/www.w3.org\/2000\/svg\"><path d=\"M416 208H272V64c0-17.67-14.33-32-32-32h-32c-17.67 0-32 14.33-32 32v144H32c-17.67 0-32 14.33-32 32v32c0 17.67 14.33 32 32 32h144v144c0 17.67 14.33 32 32 32h32c17.67 0 32-14.33 32-32V304h144c17.67 0 32-14.33 32-32v-32c0-17.67-14.33-32-32-32z\"><\/path><\/svg><\/span>\n\t\t<\/span>\n\n\t\t\t\t\t\t<\/summary>\n\t\t\t\t<div role=\"region\" aria-labelledby=\"e-n-accordion-item-2071\" class=\"elementor-element elementor-element-db8a059 e-con-full e-flex e-con e-child\" data-id=\"db8a059\" data-element_type=\"container\" data-e-type=\"container\" data-settings=\"{&quot;_ha_eqh_enable&quot;:false}\">\n\t\t\t\t<div class=\"elementor-element elementor-element-efcbd4d elementor-widget elementor-widget-heading\" data-id=\"efcbd4d\" data-element_type=\"widget\" data-e-type=\"widget\" data-widget_type=\"heading.default\">\n\t\t\t\t\t<p class=\"elementor-heading-title elementor-size-default\">Sie erm\u00f6glichen eine schnelle und einfache Installation um Hindernisse herum, wodurch Arbeitszeit und Installationsfehler reduziert werden.<\/p>\t\t\t\t<\/div>\n\t\t\t\t<\/div>\n\t\t\t\t\t<\/details>\n\t\t\t\t\t\t<details id=\"e-n-accordion-item-2072\" class=\"e-n-accordion-item\" >\n\t\t\t\t<summary class=\"e-n-accordion-item-title\" data-accordion-index=\"3\" tabindex=\"-1\" aria-expanded=\"false\" aria-controls=\"e-n-accordion-item-2072\" >\n\t\t\t\t\t<span class='e-n-accordion-item-title-header'><div class=\"e-n-accordion-item-title-text\"> Sind flexible Metallschl\u00e4uche f\u00fcr Brandschutzsysteme sicher? <\/div><\/span>\n\t\t\t\t\t\t\t<span class='e-n-accordion-item-title-icon'>\n\t\t\t<span class='e-opened' ><svg aria-hidden=\"true\" class=\"e-font-icon-svg e-fas-minus\" viewBox=\"0 0 448 512\" xmlns=\"http:\/\/www.w3.org\/2000\/svg\"><path d=\"M416 208H32c-17.67 0-32 14.33-32 32v32c0 17.67 14.33 32 32 32h384c17.67 0 32-14.33 32-32v-32c0-17.67-14.33-32-32-32z\"><\/path><\/svg><\/span>\n\t\t\t<span class='e-closed'><svg aria-hidden=\"true\" class=\"e-font-icon-svg e-fas-plus\" viewBox=\"0 0 448 512\" xmlns=\"http:\/\/www.w3.org\/2000\/svg\"><path d=\"M416 208H272V64c0-17.67-14.33-32-32-32h-32c-17.67 0-32 14.33-32 32v144H32c-17.67 0-32 14.33-32 32v32c0 17.67 14.33 32 32 32h144v144c0 17.67 14.33 32 32 32h32c17.67 0 32-14.33 32-32V304h144c17.67 0 32-14.33 32-32v-32c0-17.67-14.33-32-32-32z\"><\/path><\/svg><\/span>\n\t\t<\/span>\n\n\t\t\t\t\t\t<\/summary>\n\t\t\t\t<div role=\"region\" aria-labelledby=\"e-n-accordion-item-2072\" class=\"elementor-element elementor-element-b9e4ee7 e-con-full e-flex e-con e-child\" data-id=\"b9e4ee7\" data-element_type=\"container\" data-e-type=\"container\" data-settings=\"{&quot;_ha_eqh_enable&quot;:false}\">\n\t\t\t\t<div class=\"elementor-element elementor-element-a657703 elementor-widget elementor-widget-heading\" data-id=\"a657703\" data-element_type=\"widget\" data-e-type=\"widget\" data-widget_type=\"heading.default\">\n\t\t\t\t\t<p class=\"elementor-heading-title elementor-size-default\">Ja, sie bestehen aus Edelstahl und bieten eine hohe Best\u00e4ndigkeit gegen Druck, Korrosion und Hitze.<\/p>\t\t\t\t<\/div>\n\t\t\t\t<\/div>\n\t\t\t\t\t<\/details>\n\t\t\t\t\t\t<details id=\"e-n-accordion-item-2073\" class=\"e-n-accordion-item\" >\n\t\t\t\t<summary class=\"e-n-accordion-item-title\" data-accordion-index=\"4\" tabindex=\"-1\" aria-expanded=\"false\" aria-controls=\"e-n-accordion-item-2073\" >\n\t\t\t\t\t<span class='e-n-accordion-item-title-header'><div class=\"e-n-accordion-item-title-text\"> Was bedeutet Flexibilit\u00e4t bei der Positionierung von Sprinklern? <\/div><\/span>\n\t\t\t\t\t\t\t<span class='e-n-accordion-item-title-icon'>\n\t\t\t<span class='e-opened' ><svg aria-hidden=\"true\" class=\"e-font-icon-svg e-fas-minus\" viewBox=\"0 0 448 512\" xmlns=\"http:\/\/www.w3.org\/2000\/svg\"><path d=\"M416 208H32c-17.67 0-32 14.33-32 32v32c0 17.67 14.33 32 32 32h384c17.67 0 32-14.33 32-32v-32c0-17.67-14.33-32-32-32z\"><\/path><\/svg><\/span>\n\t\t\t<span class='e-closed'><svg aria-hidden=\"true\" class=\"e-font-icon-svg e-fas-plus\" viewBox=\"0 0 448 512\" xmlns=\"http:\/\/www.w3.org\/2000\/svg\"><path d=\"M416 208H272V64c0-17.67-14.33-32-32-32h-32c-17.67 0-32 14.33-32 32v144H32c-17.67 0-32 14.33-32 32v32c0 17.67 14.33 32 32 32h144v144c0 17.67 14.33 32 32 32h32c17.67 0 32-14.33 32-32V304h144c17.67 0 32-14.33 32-32v-32c0-17.67-14.33-32-32-32z\"><\/path><\/svg><\/span>\n\t\t<\/span>\n\n\t\t\t\t\t\t<\/summary>\n\t\t\t\t<div role=\"region\" aria-labelledby=\"e-n-accordion-item-2073\" class=\"elementor-element elementor-element-3f33d09 e-con-full e-flex e-con e-child\" data-id=\"3f33d09\" data-element_type=\"container\" data-e-type=\"container\" data-settings=\"{&quot;_ha_eqh_enable&quot;:false}\">\n\t\t\t\t<div class=\"elementor-element elementor-element-e043d87 elementor-widget elementor-widget-heading\" data-id=\"e043d87\" data-element_type=\"widget\" data-e-type=\"widget\" data-widget_type=\"heading.default\">\n\t\t\t\t\t<p class=\"elementor-heading-title elementor-size-default\">Die Schlauchl\u00e4nge erm\u00f6glicht es, den Sprinklerkopf innerhalb eines definierten Radius frei zu positionieren, um eine optimale Abdeckung zu erzielen.<\/p>\t\t\t\t<\/div>\n\t\t\t\t<\/div>\n\t\t\t\t\t<\/details>\n\t\t\t\t\t<\/div>\n\t\t\t\t\t\t<\/div>\n\t\t\t\t<\/div>\n\t\t\t\t\t<\/div>\n\t\t\t\t<\/div>\n\t\t\t\t<\/div>\n\t\t","protected":false},"excerpt":{"rendered":"<p>Energietechnik Automotive Industry Industrietechnik HLK-Technik Schiffbau und Schifffahrt Eisenbahntechnik Brandschutzsysteme Nuaflex Brandschutzl\u00f6sungen: Innovation im Bereich Sicherheit Nuaflex-Metallschl\u00e4uche f\u00fcr den Brandschutz Im kritischen Bereich des Brandschutzes sind Systemintegrit\u00e4t und schnelle Einsatzbereitschaft unverzichtbar. Nuaflex liefert speziell entwickelte Edelstahlschlauchleitungen, die die Installation und Leistung von Sprinkleranlagen revolutionieren. Durch den Ersatz schwerf\u00e4lliger starrer Rohrleitungen durch unsere fortschrittlichen flexiblen L\u00f6sungen [&hellip;]<\/p>\n","protected":false},"author":1,"featured_media":0,"parent":37927,"menu_order":0,"comment_status":"closed","ping_status":"closed","template":"elementor_header_footer","meta":{"footnotes":""},"class_list":["post-38020","page","type-page","status-publish","hentry"],"_links":{"self":[{"href":"https:\/\/nuaflex.com\/de\/wp-json\/wp\/v2\/pages\/38020","targetHints":{"allow":["GET"]}}],"collection":[{"href":"https:\/\/nuaflex.com\/de\/wp-json\/wp\/v2\/pages"}],"about":[{"href":"https:\/\/nuaflex.com\/de\/wp-json\/wp\/v2\/types\/page"}],"author":[{"embeddable":true,"href":"https:\/\/nuaflex.com\/de\/wp-json\/wp\/v2\/users\/1"}],"replies":[{"embeddable":true,"href":"https:\/\/nuaflex.com\/de\/wp-json\/wp\/v2\/comments?post=38020"}],"version-history":[{"count":2,"href":"https:\/\/nuaflex.com\/de\/wp-json\/wp\/v2\/pages\/38020\/revisions"}],"predecessor-version":[{"id":38053,"href":"https:\/\/nuaflex.com\/de\/wp-json\/wp\/v2\/pages\/38020\/revisions\/38053"}],"up":[{"embeddable":true,"href":"https:\/\/nuaflex.com\/de\/wp-json\/wp\/v2\/pages\/37927"}],"wp:attachment":[{"href":"https:\/\/nuaflex.com\/de\/wp-json\/wp\/v2\/media?parent=38020"}],"curies":[{"name":"wp","href":"https:\/\/api.w.org\/{rel}","templated":true}]}}