{"id":37828,"date":"2026-02-01T16:19:47","date_gmt":"2026-02-01T16:19:47","guid":{"rendered":"https:\/\/nuaflex.com\/blog\/"},"modified":"2026-02-04T15:33:26","modified_gmt":"2026-02-04T15:33:26","slug":"blog","status":"publish","type":"page","link":"https:\/\/nuaflex.com\/tr\/blog\/","title":{"rendered":"Blog"},"content":{"rendered":"\t\t<div data-elementor-type=\"wp-page\" data-elementor-id=\"37828\" class=\"elementor elementor-37828 elementor-37340\" data-elementor-settings=\"{&quot;ha_cmc_init_switcher&quot;:&quot;no&quot;}\" data-elementor-post-type=\"page\">\n\t\t\t\t<div class=\"elementor-element elementor-element-a0c7cc1 e-flex e-con-boxed e-con e-parent\" data-id=\"a0c7cc1\" data-element_type=\"container\" data-e-type=\"container\" data-settings=\"{&quot;background_background&quot;:&quot;classic&quot;,&quot;_ha_eqh_enable&quot;:false}\">\n\t\t\t\t\t<div class=\"e-con-inner\">\n\t\t\t\t<div class=\"elementor-element elementor-element-b142f80 elementor-widget elementor-widget-heading\" data-id=\"b142f80\" data-element_type=\"widget\" data-e-type=\"widget\" data-widget_type=\"heading.default\">\n\t\t\t\t\t<h2 class=\"elementor-heading-title elementor-size-default\">Bloglar<\/h2>\t\t\t\t<\/div>\n\t\t\t\t\t<\/div>\n\t\t\t\t<\/div>\n\t\t<div class=\"elementor-element elementor-element-f32fea8 e-flex e-con-boxed e-con e-parent\" data-id=\"f32fea8\" data-element_type=\"container\" data-e-type=\"container\" data-settings=\"{&quot;_ha_eqh_enable&quot;:false}\">\n\t\t\t\t\t<div class=\"e-con-inner\">\n\t\t\t\t<div class=\"elementor-element elementor-element-0ea5da3 elementor-grid-3 elementor-grid-tablet-2 elementor-grid-mobile-1 elementor-posts--thumbnail-top elementor-card-shadow-yes elementor-posts__hover-gradient elementor-widget elementor-widget-posts\" data-id=\"0ea5da3\" data-element_type=\"widget\" data-e-type=\"widget\" data-settings=\"{&quot;pagination_type&quot;:&quot;numbers_and_prev_next&quot;,&quot;cards_columns&quot;:&quot;3&quot;,&quot;cards_columns_tablet&quot;:&quot;2&quot;,&quot;cards_columns_mobile&quot;:&quot;1&quot;,&quot;cards_row_gap&quot;:{&quot;unit&quot;:&quot;px&quot;,&quot;size&quot;:35,&quot;sizes&quot;:[]},&quot;cards_row_gap_tablet&quot;:{&quot;unit&quot;:&quot;px&quot;,&quot;size&quot;:&quot;&quot;,&quot;sizes&quot;:[]},&quot;cards_row_gap_mobile&quot;:{&quot;unit&quot;:&quot;px&quot;,&quot;size&quot;:&quot;&quot;,&quot;sizes&quot;:[]}}\" data-widget_type=\"posts.cards\">\n\t\t\t\t<div class=\"elementor-widget-container\">\n\t\t\t\t\t\t\t<div class=\"elementor-posts-container elementor-posts elementor-posts--skin-cards elementor-grid\" role=\"list\">\n\t\t\t\t<article class=\"elementor-post elementor-grid-item post-37724 post type-post status-publish format-standard has-post-thumbnail hentry category-surdurulebilirlik\" role=\"listitem\">\n\t\t\t<div class=\"elementor-post__card\">\n\t\t\t\t<a class=\"elementor-post__thumbnail__link\" href=\"https:\/\/nuaflex.com\/tr\/nuaflexin-gelismis-titresim-hortumlari-ile-sogutma-kompresor-sistemlerini-optimize-edin\/\" tabindex=\"-1\" ><div class=\"elementor-post__thumbnail\"><img fetchpriority=\"high\" decoding=\"async\" width=\"2560\" height=\"1707\" src=\"https:\/\/nuaflex.com\/wp-content\/uploads\/2026\/01\/NIKON-D3X1882-scaled.jpg\" class=\"attachment-full size-full wp-image-37483\" alt=\"\" srcset=\"https:\/\/nuaflex.com\/wp-content\/uploads\/2026\/01\/NIKON-D3X1882-scaled.jpg 2560w, https:\/\/nuaflex.com\/wp-content\/uploads\/2026\/01\/NIKON-D3X1882-300x200.jpg 300w, https:\/\/nuaflex.com\/wp-content\/uploads\/2026\/01\/NIKON-D3X1882-1024x683.jpg 1024w, https:\/\/nuaflex.com\/wp-content\/uploads\/2026\/01\/NIKON-D3X1882-768x512.jpg 768w, https:\/\/nuaflex.com\/wp-content\/uploads\/2026\/01\/NIKON-D3X1882-1536x1024.jpg 1536w, https:\/\/nuaflex.com\/wp-content\/uploads\/2026\/01\/NIKON-D3X1882-2048x1365.jpg 2048w\" sizes=\"(max-width: 2560px) 100vw, 2560px\" \/><\/div><\/a>\n\t\t\t\t<div class=\"elementor-post__badge\">S\u00fcrd\u00fcr\u00fclebilirlik<\/div>\n\t\t\t\t<div class=\"elementor-post__text\">\n\t\t\t\t<h3 class=\"elementor-post__title\">\n\t\t\t<a href=\"https:\/\/nuaflex.com\/tr\/nuaflexin-gelismis-titresim-hortumlari-ile-sogutma-kompresor-sistemlerini-optimize-edin\/\" >\n\t\t\t\tNuaflex&#8217;in Geli\u015fmi\u015f Titre\u015fim Hortumlar\u0131 ile So\u011futma Kompres\u00f6r Sistemlerini Optimize Edin\t\t\t<\/a>\n\t\t<\/h3>\n\t\t\t\t<div class=\"elementor-post__excerpt\">\n\t\t\t<p>End\u00fcstriyel ve ticari ortamlarda, so\u011futma kompres\u00f6rleri s\u0131cakl\u0131k stabilitesini ve operasyonel verimlili\u011fi korumak i\u00e7in vazge\u00e7ilmezdir. Nuaflex<\/p>\n\t\t<\/div>\n\t\t\n\t\t<a class=\"elementor-post__read-more\" href=\"https:\/\/nuaflex.com\/tr\/nuaflexin-gelismis-titresim-hortumlari-ile-sogutma-kompresor-sistemlerini-optimize-edin\/\" aria-label=\"Read more about Nuaflex&#8217;in Geli\u015fmi\u015f Titre\u015fim Hortumlar\u0131 ile So\u011futma Kompres\u00f6r Sistemlerini Optimize Edin\" tabindex=\"-1\" >\n\t\t\tDaha fazla oku \u00bb\t\t<\/a>\n\n\t\t\t\t<\/div>\n\t\t\t\t<div class=\"elementor-post__meta-data\">\n\t\t\t\t\t<span class=\"elementor-post-date\">\n\t\t\t24 Ekim 2025\t\t<\/span>\n\t\t\t\t<\/div>\n\t\t\t\t\t<\/div>\n\t\t<\/article>\n\t\t\t\t<article class=\"elementor-post elementor-grid-item post-37722 post type-post status-publish format-standard has-post-thumbnail hentry category-uncategorized-tr\" role=\"listitem\">\n\t\t\t<div class=\"elementor-post__card\">\n\t\t\t\t<a class=\"elementor-post__thumbnail__link\" href=\"https:\/\/nuaflex.com\/tr\/neden-bakir-boru-yerine-esnek-metal-hortumlari-tercih-etmelisiniz\/\" tabindex=\"-1\" ><div class=\"elementor-post__thumbnail\"><img decoding=\"async\" width=\"2560\" height=\"1700\" src=\"https:\/\/nuaflex.com\/wp-content\/uploads\/2026\/02\/NIKON-D2X9220-scaled.jpg\" class=\"attachment-full size-full wp-image-37155\" alt=\"\" srcset=\"https:\/\/nuaflex.com\/wp-content\/uploads\/2026\/02\/NIKON-D2X9220-scaled.jpg 2560w, https:\/\/nuaflex.com\/wp-content\/uploads\/2026\/02\/NIKON-D2X9220-300x199.jpg 300w, https:\/\/nuaflex.com\/wp-content\/uploads\/2026\/02\/NIKON-D2X9220-1024x680.jpg 1024w, https:\/\/nuaflex.com\/wp-content\/uploads\/2026\/02\/NIKON-D2X9220-768x510.jpg 768w, https:\/\/nuaflex.com\/wp-content\/uploads\/2026\/02\/NIKON-D2X9220-1536x1020.jpg 1536w, https:\/\/nuaflex.com\/wp-content\/uploads\/2026\/02\/NIKON-D2X9220-2048x1360.jpg 2048w\" sizes=\"(max-width: 2560px) 100vw, 2560px\" \/><\/div><\/a>\n\t\t\t\t<div class=\"elementor-post__badge\">Uncategorized<\/div>\n\t\t\t\t<div class=\"elementor-post__text\">\n\t\t\t\t<h3 class=\"elementor-post__title\">\n\t\t\t<a href=\"https:\/\/nuaflex.com\/tr\/neden-bakir-boru-yerine-esnek-metal-hortumlari-tercih-etmelisiniz\/\" >\n\t\t\t\tNeden Bak\u0131r Boru yerine Esnek Metal Hortumlar\u0131 tercih etmelisiniz?\t\t\t<\/a>\n\t\t<\/h3>\n\t\t\t\t<div class=\"elementor-post__excerpt\">\n\t\t\t<p>S\u0131hhi tesisat ve end\u00fcstriyel uygulamalar s\u00f6z konusu oldu\u011funda, malzeme se\u00e7imi sistemin verimlili\u011fini, maliyetini ve dayan\u0131kl\u0131l\u0131\u011f\u0131n\u0131<\/p>\n\t\t<\/div>\n\t\t\n\t\t<a class=\"elementor-post__read-more\" href=\"https:\/\/nuaflex.com\/tr\/neden-bakir-boru-yerine-esnek-metal-hortumlari-tercih-etmelisiniz\/\" aria-label=\"Read more about Neden Bak\u0131r Boru yerine Esnek Metal Hortumlar\u0131 tercih etmelisiniz?\" tabindex=\"-1\" >\n\t\t\tDaha fazla oku \u00bb\t\t<\/a>\n\n\t\t\t\t<\/div>\n\t\t\t\t<div class=\"elementor-post__meta-data\">\n\t\t\t\t\t<span class=\"elementor-post-date\">\n\t\t\t18 Eyl\u00fcl 2025\t\t<\/span>\n\t\t\t\t<\/div>\n\t\t\t\t\t<\/div>\n\t\t<\/article>\n\t\t\t\t<article class=\"elementor-post elementor-grid-item post-37720 post type-post status-publish format-standard has-post-thumbnail hentry category-uncategorized-tr\" role=\"listitem\">\n\t\t\t<div class=\"elementor-post__card\">\n\t\t\t\t<a class=\"elementor-post__thumbnail__link\" href=\"https:\/\/nuaflex.com\/tr\/sivi-tasimada-paslanmaz-celik-esnek-metal-hortumlarin-esnekligi-ve-mukavemetini-kesfetmek\/\" tabindex=\"-1\" ><div class=\"elementor-post__thumbnail\"><img decoding=\"async\" width=\"1600\" height=\"1018\" src=\"https:\/\/nuaflex.com\/wp-content\/uploads\/2026\/01\/vole-right.png\" class=\"attachment-full size-full wp-image-36622\" alt=\"\" srcset=\"https:\/\/nuaflex.com\/wp-content\/uploads\/2026\/01\/vole-right.png 1600w, https:\/\/nuaflex.com\/wp-content\/uploads\/2026\/01\/vole-right-300x191.png 300w, https:\/\/nuaflex.com\/wp-content\/uploads\/2026\/01\/vole-right-1024x652.png 1024w, https:\/\/nuaflex.com\/wp-content\/uploads\/2026\/01\/vole-right-768x489.png 768w, https:\/\/nuaflex.com\/wp-content\/uploads\/2026\/01\/vole-right-1536x977.png 1536w\" sizes=\"(max-width: 1600px) 100vw, 1600px\" \/><\/div><\/a>\n\t\t\t\t<div class=\"elementor-post__badge\">Uncategorized<\/div>\n\t\t\t\t<div class=\"elementor-post__text\">\n\t\t\t\t<h3 class=\"elementor-post__title\">\n\t\t\t<a href=\"https:\/\/nuaflex.com\/tr\/sivi-tasimada-paslanmaz-celik-esnek-metal-hortumlarin-esnekligi-ve-mukavemetini-kesfetmek\/\" >\n\t\t\t\tS\u0131v\u0131 Ta\u015f\u0131mada Paslanmaz \u00c7elik Esnek Metal Hortumlar\u0131n Esnekli\u011fi ve Mukavemetini Ke\u015ffetmek\t\t\t<\/a>\n\t\t<\/h3>\n\t\t\t\t<div class=\"elementor-post__excerpt\">\n\t\t\t<p>S\u0131v\u0131 ta\u015f\u0131ma sistemleri, modern end\u00fcstriyel s\u00fcre\u00e7lerin karma\u015f\u0131kl\u0131\u011f\u0131n\u0131 y\u00f6netmek i\u00e7in g\u00fcvenilirlik, dayan\u0131kl\u0131l\u0131k ve \u00e7ok y\u00f6nl\u00fcl\u00fck gerektirir.<\/p>\n\t\t<\/div>\n\t\t\n\t\t<a class=\"elementor-post__read-more\" href=\"https:\/\/nuaflex.com\/tr\/sivi-tasimada-paslanmaz-celik-esnek-metal-hortumlarin-esnekligi-ve-mukavemetini-kesfetmek\/\" aria-label=\"Read more about S\u0131v\u0131 Ta\u015f\u0131mada Paslanmaz \u00c7elik Esnek Metal Hortumlar\u0131n Esnekli\u011fi ve Mukavemetini Ke\u015ffetmek\" tabindex=\"-1\" >\n\t\t\tDaha fazla oku \u00bb\t\t<\/a>\n\n\t\t\t\t<\/div>\n\t\t\t\t<div class=\"elementor-post__meta-data\">\n\t\t\t\t\t<span class=\"elementor-post-date\">\n\t\t\t8 May\u0131s 2025\t\t<\/span>\n\t\t\t\t<\/div>\n\t\t\t\t\t<\/div>\n\t\t<\/article>\n\t\t\t\t<\/div>\n\t\t\n\t\t\t\t\t\t<\/div>\n\t\t\t\t<\/div>\n\t\t\t\t\t<\/div>\n\t\t\t\t<\/div>\n\t\t\t\t<\/div>\n\t\t","protected":false},"excerpt":{"rendered":"<p>Bloglar<\/p>\n","protected":false},"author":1,"featured_media":0,"parent":0,"menu_order":0,"comment_status":"closed","ping_status":"closed","template":"elementor_header_footer","meta":{"footnotes":""},"class_list":["post-37828","page","type-page","status-publish","hentry"],"_links":{"self":[{"href":"https:\/\/nuaflex.com\/tr\/wp-json\/wp\/v2\/pages\/37828","targetHints":{"allow":["GET"]}}],"collection":[{"href":"https:\/\/nuaflex.com\/tr\/wp-json\/wp\/v2\/pages"}],"about":[{"href":"https:\/\/nuaflex.com\/tr\/wp-json\/wp\/v2\/types\/page"}],"author":[{"embeddable":true,"href":"https:\/\/nuaflex.com\/tr\/wp-json\/wp\/v2\/users\/1"}],"replies":[{"embeddable":true,"href":"https:\/\/nuaflex.com\/tr\/wp-json\/wp\/v2\/comments?post=37828"}],"version-history":[{"count":1,"href":"https:\/\/nuaflex.com\/tr\/wp-json\/wp\/v2\/pages\/37828\/revisions"}],"predecessor-version":[{"id":37830,"href":"https:\/\/nuaflex.com\/tr\/wp-json\/wp\/v2\/pages\/37828\/revisions\/37830"}],"wp:attachment":[{"href":"https:\/\/nuaflex.com\/tr\/wp-json\/wp\/v2\/media?parent=37828"}],"curies":[{"name":"wp","href":"https:\/\/api.w.org\/{rel}","templated":true}]}}