{"id":37834,"date":"2026-02-01T15:43:59","date_gmt":"2026-02-01T15:43:59","guid":{"rendered":"https:\/\/nuaflex.com\/kalite-ve-kalite-guvencesi\/"},"modified":"2026-02-05T15:52:21","modified_gmt":"2026-02-05T15:52:21","slug":"kalite-ve-kalite-guvencesi","status":"publish","type":"page","link":"https:\/\/nuaflex.com\/tr\/kalite-ve-kalite-guvencesi\/","title":{"rendered":"Kalite ve Kalite G\u00fcvencesi"},"content":{"rendered":"\t\t<div data-elementor-type=\"wp-page\" data-elementor-id=\"37834\" class=\"elementor elementor-37834 elementor-37314\" data-elementor-settings=\"{&quot;ha_cmc_init_switcher&quot;:&quot;no&quot;}\" data-elementor-post-type=\"page\">\n\t\t\t\t<div class=\"elementor-element elementor-element-a0c7cc1 e-flex e-con-boxed e-con e-parent\" data-id=\"a0c7cc1\" data-element_type=\"container\" data-e-type=\"container\" data-settings=\"{&quot;background_background&quot;:&quot;classic&quot;,&quot;_ha_eqh_enable&quot;:false}\">\n\t\t\t\t\t<div class=\"e-con-inner\">\n\t\t\t\t<div class=\"elementor-element elementor-element-b142f80 elementor-widget elementor-widget-heading\" data-id=\"b142f80\" data-element_type=\"widget\" data-e-type=\"widget\" data-widget_type=\"heading.default\">\n\t\t\t\t\t<h2 class=\"elementor-heading-title elementor-size-default\">Nuaflex Kalite ve Kalite G\u00fcvencesi:<br>Standartlar\u0131n \u00d6tesinde G\u00fcvence<\/h2>\t\t\t\t<\/div>\n\t\t\t\t\t<\/div>\n\t\t\t\t<\/div>\n\t\t<div class=\"elementor-element elementor-element-f32fea8 e-flex e-con-boxed e-con e-parent\" data-id=\"f32fea8\" data-element_type=\"container\" data-e-type=\"container\" data-settings=\"{&quot;_ha_eqh_enable&quot;:false}\">\n\t\t\t\t\t<div class=\"e-con-inner\">\n\t\t\t\t<div class=\"elementor-element elementor-element-6c882cb elementor-widget elementor-widget-text-editor\" data-id=\"6c882cb\" data-element_type=\"widget\" data-e-type=\"widget\" data-widget_type=\"text-editor.default\">\n\t\t\t\t\t\t\t\t\t<h2><b>1. Felsefemiz: Kalite Bir Taahh\u00fctt\u00fcr<\/b><\/h2><p><span style=\"font-weight: 400;\">Nuaflex&#8217;te Kalite G\u00fcvencesi (QA), \u00fcretim hatt\u0131m\u0131z\u0131n sadece son ad\u0131m\u0131 de\u011fildir; organizasyonumuzun her kademesine n\u00fcfuz eden entegre bir felsefedir. Enerji \u00fcretiminden deniz m\u00fchendisli\u011fine kadar hizmet verdi\u011fimiz sekt\u00f6rlerde, bir hortumun asla sadece bir bile\u015fen olmad\u0131\u011f\u0131n\u0131, ar\u0131zan\u0131n s\u00f6z konusu olamayaca\u011f\u0131 kritik bir ya\u015fam hatt\u0131 oldu\u011funu biliyoruz. <\/span><\/p><p><span style=\"font-weight: 400;\">\u201cKalite ve Kalite G\u00fcvencesi\u201d yakla\u015f\u0131m\u0131m\u0131z, g\u00fcvenilirli\u011fin denetlenerek de\u011fil, m\u00fchendislikle sa\u011fland\u0131\u011f\u0131 inanc\u0131na dayanmaktad\u0131r. Geli\u015fmi\u015f \u00fcretim teknolojilerini titiz kalite g\u00fcvence protokolleriyle birle\u015ftirerek, zaman ve bas\u0131n\u00e7 testlerinden ba\u015far\u0131yla ge\u00e7en esnek metal hortum \u00e7\u00f6z\u00fcmleri sunuyoruz. <\/span><\/p><h2><b>2. Kalite G\u00fcvence \u00c7er\u00e7evesi<\/b><\/h2><p><span style=\"font-weight: 400;\">Kalite G\u00fcvence \u00e7er\u00e7evemiz, t\u00fcm \u00fcr\u00fcn yelpazemizde tutarl\u0131l\u0131k, g\u00fcvenlik ve performans sa\u011flamak \u00fczere tasarlanm\u0131\u015ft\u0131r. \u0130lk tasar\u0131m a\u015famas\u0131ndan son teslimata kadar faaliyetlerimizi y\u00f6neten proaktif bir sistemdir. <\/span><\/p><ul><li style=\"font-weight: 400;\" aria-level=\"1\">Toplam Kalite Y\u00f6netimi (TQM): \u00dcr\u00fcnlerin, hizmetlerin ve s\u00fcre\u00e7lerin s\u00fcrekli iyile\u015ftirilmesine t\u00fcm \u00e7al\u0131\u015fanlar\u0131 dahil etmek i\u00e7in TQM ilkelerini uyguluyoruz. Bu b\u00fct\u00fcnsel yakla\u015f\u0131m, kalitenin \u00fcretim sahas\u0131ndan y\u00f6netim kadrosuna kadar herkesin sorumlulu\u011fu olmas\u0131n\u0131 sa\u011flar.<\/li><li style=\"font-weight: 400;\" aria-level=\"1\">Proses Kontrol\u00fc: \u00dcretim s\u00fcre\u00e7lerimizi s\u0131k\u0131 bir \u015fekilde kontrol ediyoruz. Oluk a\u00e7ma ve \u00f6rg\u00fc i\u015flemlerinden kaynak ve montaj i\u015flemlerine kadar \u00fcretimin her a\u015famas\u0131, de\u011fi\u015fkenli\u011fi en aza indirmek ve tekd\u00fczelik sa\u011flamak i\u00e7in tan\u0131mlanm\u0131\u015f parametrelere g\u00f6re izlenir.<\/li><li style=\"font-weight: 400;\" aria-level=\"1\">\u0130zlenebilirlik: Tam malzeme izlenebilirli\u011fi uyguluyoruz. Her paslanmaz \u00e7elik bobin ve her ba\u011flant\u0131 par\u00e7as\u0131 kayna\u011f\u0131na kadar izlenebilir, b\u00f6ylece m\u00fc\u015fterilerimize tam \u015feffafl\u0131k ve hesap verebilirlik sa\u011fl\u0131yoruz.<\/li><\/ul><h2><b>3. Titiz Testler ve Do\u011frulama<\/b><\/h2><p><span style=\"font-weight: 400;\">M\u00fchendislik \u00e7al\u0131\u015fmalar\u0131m\u0131z\u0131 sekt\u00f6rdeki en kapsaml\u0131 test rejimlerinden biri ile do\u011fruluyoruz. \u00d6zel kalite g\u00fcvence laboratuvarlar\u0131m\u0131z, ger\u00e7ek d\u00fcnya ko\u015fullar\u0131n\u0131 sim\u00fcle etmek ve \u00fcr\u00fcnlerimizi s\u0131n\u0131rlar\u0131na kadar zorlamak i\u00e7in donan\u0131ml\u0131d\u0131r. <\/span><\/p><h3><b>3.1 Tahribats\u0131z Muayene (NDT)<\/b><\/h3><p><span style=\"font-weight: 400;\">\u00dcr\u00fcnlerimizin b\u00fct\u00fcnl\u00fc\u011f\u00fcn\u00fc, yap\u0131lar\u0131n\u0131 bozmadan do\u011frulamak i\u00e7in geli\u015fmi\u015f NDT y\u00f6ntemleri kullan\u0131yoruz.<\/span><\/p><ul><li style=\"font-weight: 400;\" aria-level=\"1\">S\u0131z\u0131nt\u0131 Testi: Her hortum tertibat\u0131, s\u0131v\u0131 ve gazlar\u0131n mutlak \u015fekilde tutulmas\u0131n\u0131 sa\u011flamak i\u00e7in s\u0131k\u0131 s\u0131z\u0131nt\u0131 testlerinden (su alt\u0131nda hava veya helyum k\u00fctle spektrometrisi) ge\u00e7irilir.<\/li><li style=\"font-weight: 400;\" aria-level=\"1\">G\u00f6rsel Muayene: Sertifikal\u0131 denet\u00e7iler, y\u00fczey kusurlar\u0131n\u0131 veya d\u00fczensizlikleri tespit etmek i\u00e7in kaynaklar, \u00f6rg\u00fcler ve ba\u011flant\u0131 par\u00e7alar\u0131 \u00fczerinde ayr\u0131nt\u0131l\u0131 g\u00f6rsel muayeneler ger\u00e7ekle\u015ftirir.<\/li><li style=\"font-weight: 400;\" aria-level=\"1\">Boyutsal Do\u011frulama: Hassas aletler kullan\u0131larak t\u00fcm kritik boyutlar\u0131n m\u00fchendislik \u00e7izimlerinin kesin spesifikasyonlar\u0131na uygunlu\u011fu do\u011frulan\u0131r.<\/li><\/ul><h3><b>3.2 Tahribat ve Performans Testi<\/b><\/h3><p><span style=\"font-weight: 400;\">G\u00fcvenlik marjlar\u0131n\u0131 garanti etmek ve tasar\u0131m parametrelerini do\u011frulamak i\u00e7in numune gruplar\u0131 \u00fczerinde tahribatl\u0131 testler ger\u00e7ekle\u015ftiriyoruz.<\/span><\/p><ul><li style=\"font-weight: 400;\" aria-level=\"1\">Patlama Bas\u0131nc\u0131 Testi: Hortumlar, nihai patlama mukavemetini belirlemek ve g\u00fcvenlik fakt\u00f6rlerini do\u011frulamak i\u00e7in ar\u0131zalanana kadar bas\u0131n\u00e7land\u0131r\u0131l\u0131r.<\/li><li style=\"font-weight: 400;\" aria-level=\"1\">D\u00f6ng\u00fc \u00d6mr\u00fc (Yorgunluk) Testi: Hortumlar\u0131m\u0131z\u0131n beklenen \u00f6m\u00fcr gereksinimlerini kar\u015f\u0131lad\u0131\u011f\u0131ndan emin olmak i\u00e7in, ger\u00e7ek kullan\u0131m ko\u015fullar\u0131ndaki tekrarlayan esneme ve titre\u015fim ko\u015fullar\u0131n\u0131 sim\u00fcle ediyoruz.<\/li><li style=\"font-weight: 400;\" aria-level=\"1\">\u00c7ekme Testi: Malzemelerimizin ve kaynaklar\u0131m\u0131z\u0131n \u00e7ekme mukavemetini test ederek, sahada kar\u015f\u0131la\u015facaklar\u0131 mekanik y\u00fcklere dayanabileceklerini garanti ediyoruz.<\/li><\/ul><h2><b>4. Sertifikalar ve Uygunluk<\/b><\/h2><p><span style=\"font-weight: 400;\">Kaliteye olan ba\u011fl\u0131l\u0131\u011f\u0131m\u0131z, \u00fc\u00e7\u00fcnc\u00fc taraf sertifikalar\u0131 ve uluslararas\u0131 standartlara uygunluk ile do\u011frulanmaktad\u0131r.<\/span><\/p><ul><li style=\"font-weight: 400;\" aria-level=\"1\">ISO 9001: Kalite Y\u00f6netim Sistemimiz, ISO 9001 standartlar\u0131na g\u00f6re sertifikaland\u0131r\u0131lm\u0131\u015ft\u0131r ve bu da m\u00fc\u015fteri ve yasal gereklilikleri kar\u015f\u0131layan \u00fcr\u00fcnleri tutarl\u0131 bir \u015fekilde sunma kabiliyetimizi g\u00f6stermektedir.<\/li><li style=\"font-weight: 400;\" aria-level=\"1\">End\u00fcstri Standartlar\u0131: ISO 10380, EN 14585 ve PED (Bas\u0131n\u00e7l\u0131 Ekipman Direktifi) gibi \u00f6nemli end\u00fcstri standartlar\u0131na s\u0131k\u0131 s\u0131k\u0131ya uyarak \u00fcretim yap\u0131yoruz.<\/li><li style=\"font-weight: 400;\" aria-level=\"1\">\u00d6zel Onaylar: Belirli sekt\u00f6rler i\u00e7in, \u00fcr\u00fcnlerimizin bu ortamlar\u0131n benzersiz taleplerini kar\u015f\u0131lad\u0131\u011f\u0131n\u0131 teyit eden ilgili tip onaylar\u0131na (\u00f6rne\u011fin, DNV, ABS veya BV gibi denizcilik s\u0131n\u0131fland\u0131rma kurulu\u015flar\u0131ndan) sahibiz.<\/li><\/ul><h2><b>5. S\u00fcrekli \u0130yile\u015ftirme ve M\u00fc\u015fteri Odakl\u0131l\u0131k<\/b><\/h2><p><span style=\"font-weight: 400;\">Nuaflex&#8217;te kalite g\u00fcvencesi dinamik bir s\u00fcre\u00e7tir. S\u00fcrekli \u00f6\u011freniyor, uyum sa\u011fl\u0131yor ve geli\u015fiyoruz. <\/span><\/p><ul><li style=\"font-weight: 400;\" aria-level=\"1\">K\u00f6k Neden Analizi: Nadiren meydana gelen uygunsuzluk durumlar\u0131nda, sorunu sadece d\u00fczeltmekle kalmaz, ayn\u0131 zamanda tekrar ya\u015fanmas\u0131n\u0131 \u00f6nlemek i\u00e7in derinlemesine k\u00f6k neden analizi (8D veya 5 Neden gibi ara\u00e7lar kullanarak) ger\u00e7ekle\u015ftiririz.<\/li><li style=\"font-weight: 400;\" aria-level=\"1\">M\u00fc\u015fteri Geri Bildirimi: M\u00fc\u015fteri geri bildirimlerini aktif olarak talep ediyor ve de\u011fer veriyoruz. Bu geri bildirimler, kalite g\u00fcvence sistemimizde hayati \u00f6neme sahip bir veri noktas\u0131d\u0131r ve \u00fcr\u00fcn tasar\u0131m\u0131 ile hizmet sunumunda iyile\u015ftirmeler yap\u0131lmas\u0131n\u0131 sa\u011flar.<\/li><li style=\"font-weight: 400;\" aria-level=\"1\">Teknolojiye Yat\u0131r\u0131m: Kalite g\u00fcvence s\u00fcre\u00e7lerimizin hassasiyetini ve g\u00fcvenilirli\u011fini art\u0131rmak i\u00e7in en son denetim teknolojilerine ve otomatik test ekipmanlar\u0131na s\u00fcrekli yat\u0131r\u0131m yap\u0131yoruz.<\/li><\/ul><p><span style=\"font-weight: 400;\">Bu titiz Kalite ve Kalite G\u00fcvence uygulamalar\u0131n\u0131 DNA&#8217;m\u0131za entegre ederek, Nuaflex sadece metal hortumlar sunmakla kalmaz, ayn\u0131 zamanda g\u00f6n\u00fcl rahatl\u0131\u011f\u0131 da sunar.<\/span><\/p><p>Nuaflex Y\u00f6netimi<br>Y\u00fcr\u00fcrl\u00fck Tarihi: Ocak 2026<\/p>\t\t\t\t\t\t\t\t<\/div>\n\t\t\t\t\t<\/div>\n\t\t\t\t<\/div>\n\t\t\t\t<\/div>\n\t\t","protected":false},"excerpt":{"rendered":"<p>Nuaflex Kalite ve Kalite G\u00fcvencesi:Standartlar\u0131n \u00d6tesinde G\u00fcvence 1. Felsefemiz: Kalite Bir Taahh\u00fctt\u00fcr Nuaflex&#8217;te Kalite G\u00fcvencesi (QA), \u00fcretim hatt\u0131m\u0131z\u0131n sadece son ad\u0131m\u0131 de\u011fildir; organizasyonumuzun her kademesine n\u00fcfuz eden entegre bir felsefedir. Enerji \u00fcretiminden deniz m\u00fchendisli\u011fine kadar hizmet verdi\u011fimiz sekt\u00f6rlerde, bir hortumun asla sadece bir bile\u015fen olmad\u0131\u011f\u0131n\u0131, ar\u0131zan\u0131n s\u00f6z konusu olamayaca\u011f\u0131 kritik bir ya\u015fam hatt\u0131 oldu\u011funu biliyoruz. [&hellip;]<\/p>\n","protected":false},"author":1,"featured_media":0,"parent":0,"menu_order":0,"comment_status":"closed","ping_status":"closed","template":"elementor_header_footer","meta":{"footnotes":""},"class_list":["post-37834","page","type-page","status-publish","hentry"],"_links":{"self":[{"href":"https:\/\/nuaflex.com\/tr\/wp-json\/wp\/v2\/pages\/37834","targetHints":{"allow":["GET"]}}],"collection":[{"href":"https:\/\/nuaflex.com\/tr\/wp-json\/wp\/v2\/pages"}],"about":[{"href":"https:\/\/nuaflex.com\/tr\/wp-json\/wp\/v2\/types\/page"}],"author":[{"embeddable":true,"href":"https:\/\/nuaflex.com\/tr\/wp-json\/wp\/v2\/users\/1"}],"replies":[{"embeddable":true,"href":"https:\/\/nuaflex.com\/tr\/wp-json\/wp\/v2\/comments?post=37834"}],"version-history":[{"count":3,"href":"https:\/\/nuaflex.com\/tr\/wp-json\/wp\/v2\/pages\/37834\/revisions"}],"predecessor-version":[{"id":38216,"href":"https:\/\/nuaflex.com\/tr\/wp-json\/wp\/v2\/pages\/37834\/revisions\/38216"}],"wp:attachment":[{"href":"https:\/\/nuaflex.com\/tr\/wp-json\/wp\/v2\/media?parent=37834"}],"curies":[{"name":"wp","href":"https:\/\/api.w.org\/{rel}","templated":true}]}}